{"id":1363,"date":"2023-08-24T20:27:11","date_gmt":"2023-08-24T19:27:11","guid":{"rendered":"https:\/\/centremetot.com\/cristina-garcia-escriche\/"},"modified":"2024-12-23T17:22:27","modified_gmt":"2024-12-23T16:22:27","slug":"cristina-garcia-escriche","status":"publish","type":"page","link":"https:\/\/centremetot.com\/es\/cristina-garcia-escriche\/","title":{"rendered":"Cristina Garc\u00eda Escriche"},"content":{"rendered":"<div class=\"wpb-content-wrapper\"><p>[vc_section][vc_row][vc_column][vc_column_text el_class=\u00bbmad_section-title-1&#8243;]<\/p>\n<h2 style=\"text-align: center;\">Curr\u00edculum Profesional<\/h2>\n<p>[\/vc_column_text][\/vc_column][\/vc_row][vc_row equal_height=\u00bbyes\u00bb][vc_column]<div class=\"ult-content-box-container box-cargo\" >\t\t<div class=\"ult-content-box\" style=\"box-shadow: px px px px none;-webkit-transition: all 700ms ease;-moz-transition: all 700ms ease;-ms-transition: all 700ms ease;-o-transition: all 700ms ease;transition: all 700ms ease;\"  data-hover_box_shadow=\"none\"    >[vc_single_image image=\u00bb1231&#8243; img_size=\u00bbmedium\u00bb style=\u00bbvc_box_circle_2&#8243; el_class=\u00bbfoto-socia\u00bb][vc_raw_html]JTNDZGl2JTNFJTBBJTNDcCUyMGNsYXNzJTNEJTIycHJvZi1ub20lMjIlM0VDcmlzdGluYSUyMEdhcmMlQzMlQURhJTIwRXNjcmljaGUlM0MlMkZwJTNFJTBBJTNDcCUyMGNsYXNzJTNEJTIycHJvZi1jYXJnJTIyJTNFUHNpYyVDMyVCM2xvZ2ElMjBHZW5lcmFsJTIwU2FuaXRhcmlhJTIweSUyMFBzaWNvcGVkYWdvZ2ElM0MlMkZwJTNFJTBBJTNDcCUyMGNsYXNzJTNEJTIycHJvZi1udW0lMjIlM0VDb2xlZ2lhZGElMjBuJUMzJUJBbS4lMjAyNjkyNiUyMCUyOENPUEMlMjklM0MlMkZwJTNFJTBBJTNDJTJGZGl2JTNF[\/vc_raw_html]\t\t<\/div><\/div>[\/vc_column][\/vc_row][vc_row equal_height=\u00bbyes\u00bb][vc_column width=\u00bb1\/2&#8243;][vc_column_text css=\u00bb\u00bb]<\/p>\n<h5 style=\"color: var(--accent-2);\"><i class=\"fa-solid fa-award fa-xl\"><\/i> Experiencia destacada<\/h5>\n<ul>\n<li>Graduada en Psicolog\u00eda (Universidad Aut\u00f3noma de Barcelona)<\/li>\n<li>M\u00e1ster Universitario en Psicopedagog\u00eda (Universidad Ramon Llull)<\/li>\n<li>M\u00e1ster Universitario en Psicolog\u00eda General\u00a0Sanitaria\u00a0(UNIR)<\/li>\n<li>Curso experto en Psicolog\u00eda infanto-juvenil y familiar<\/li>\n<li>Curso de intervenci\u00f3n con juegos en\u00a0terapia\u00a0infanto-juvenil<\/li>\n<li>Formaci\u00f3n en evaluaciones y reeducaciones psicopedag\u00f3gicas<\/li>\n<li>Postgrado en inteligencia emocional y Mindfulness<\/li>\n<li>Formaci\u00f3n en trastornos emocionales (ansiedad, depresi\u00f3n, TOC, miedos, trastornos de conducta, fobias, autoestima, dependencia&#8230;)<\/li>\n<li>Formaci\u00f3n en Trastorno del Espectro autista<\/li>\n<li>Cofundadora Centre METOT<\/li>\n<li>Nivel I de EMDR por la Asociaci\u00f3n Espa\u00f1ola de EMDR<\/li>\n<li>Curso Tratamiento Integrador de la Ansiedad por Escuela Eva Molero<\/li>\n<li>Curso en Dependencia Emocional y Relaciones T\u00f3xicas por S\u00edlvia Congost.<\/li>\n<li>M\u00e1ster M\u00e9todo Atlas Enfoque Integrador por Ana G\u00f3mez<\/li>\n<\/ul>\n<p>[\/vc_column_text][\/vc_column][vc_column width=\u00bb1\/2&#8243;][vc_column_text]<\/p>\n<h5 style=\"color: var(--accent-2);\"><i class=\"fa-solid fa-wand-magic-sparkles fa-lg\"><\/i> Especializada en:<\/h5>\n<ul>\n<li>Tratamiento psicol\u00f3gico de ansiedad, estr\u00e9s, depresi\u00f3n, dependencia emocional, conflictos familiares y gesti\u00f3n de emociones<\/li>\n<li>Reeducaci\u00f3n y tratamiento de trastornos de aprendizaje y conducta<\/li>\n<li>Asesoramiento familiar y escolar<\/li>\n<li>Psicoestimulaci\u00f3n cognitiva en ni\u00f1os, adolescentes y adultos<\/li>\n<li>Terapia infantil, adolescente, adulto y familiar, presencial y online<\/li>\n<\/ul>\n<p>[\/vc_column_text][\/vc_column][\/vc_row][\/vc_section][vc_row][vc_column][vc_column_text el_class=\u00bbmad_btn-1&#8243;]<a href=\"https:\/\/centremetot.com\/es\/servicios\/\">Consultar Servicios<\/a>[\/vc_column_text][\/vc_column][\/vc_row]<\/p>\n<\/div>","protected":false},"excerpt":{"rendered":"<p>[vc_section][vc_row][vc_column][vc_column_text el_class=&raquo;mad_section-title-1&Prime;] Curr&iacute;culum Profesional [\/vc_column_text][\/vc_column][\/vc_row][vc_row equal_height=&raquo;yes&raquo;][vc_column][\/vc_column][\/vc_row][vc_row equal_height=&raquo;yes&raquo;][vc_column width=&raquo;1\/2&Prime;][vc_column_text css=&raquo;&raquo;] Experiencia destacada Graduada en Psicolog&iacute;a (Universidad Aut&oacute;noma de Barcelona) M&aacute;ster Universitario en Psicopedagog&iacute;a (Universidad Ramon Llull) M&aacute;ster Universitario en Psicolog&iacute;a General&nbsp;Sanitaria&nbsp;(UNIR) &#8230; <\/p>\n<p class=\"read-more-container\"><a title=\"Cristina Garc\u00eda Escriche\" class=\"read-more button\" href=\"https:\/\/centremetot.com\/es\/cristina-garcia-escriche\/#more-1363\" aria-label=\"Leer m\u00e1s sobre Cristina Garc\u00eda Escriche\">Llegir m\u00e9s<\/a><\/p>\n","protected":false},"author":4,"featured_media":0,"parent":0,"menu_order":0,"comment_status":"closed","ping_status":"closed","template":"","meta":{"_acf_changed":false,"footnotes":""},"class_list":{"0":"post-1363","1":"page","2":"type-page","3":"status-publish","5":"infinite-scroll-item"},"acf":[],"yoast_head":"<!-- This site is optimized with the Yoast SEO plugin v27.2 - https:\/\/yoast.com\/product\/yoast-seo-wordpress\/ -->\n<title>Cristina Garc\u00eda Escriche - Centre METOT<\/title>\n<meta name=\"description\" content=\"Cofundadora de Centre Metot. Graduada en Psicologia (UaB). M\u00e0ster Universitari en Psicologia General\u00a0Sanit\u00e0ria\u00a0(UNIR). M\u00e0ster Universitari en Psicopedagogia (Universitat Ramon Llull).\" \/>\n<meta name=\"robots\" content=\"index, follow, max-snippet:-1, max-image-preview:large, max-video-preview:-1\" \/>\n<link rel=\"canonical\" href=\"https:\/\/centremetot.com\/es\/cristina-garcia-escriche\/\" \/>\n<meta property=\"og:locale\" content=\"es_ES\" \/>\n<meta property=\"og:type\" content=\"article\" \/>\n<meta property=\"og:title\" content=\"Cristina Garc\u00eda Escriche - Centre METOT\" \/>\n<meta property=\"og:description\" content=\"Cofundadora de Centre Metot. Graduada en Psicologia (UaB). M\u00e0ster Universitari en Psicologia General\u00a0Sanit\u00e0ria\u00a0(UNIR). M\u00e0ster Universitari en Psicopedagogia (Universitat Ramon Llull).\" \/>\n<meta property=\"og:url\" content=\"https:\/\/centremetot.com\/es\/cristina-garcia-escriche\/\" \/>\n<meta property=\"og:site_name\" content=\"Centre METOT\" \/>\n<meta property=\"article:modified_time\" content=\"2024-12-23T16:22:27+00:00\" \/>\n<meta name=\"twitter:card\" content=\"summary_large_image\" \/>\n<meta name=\"twitter:label1\" content=\"Tiempo de lectura\" \/>\n\t<meta name=\"twitter:data1\" content=\"1 minuto\" \/>\n<script type=\"application\/ld+json\" class=\"yoast-schema-graph\">{\"@context\":\"https:\/\/schema.org\",\"@graph\":[{\"@type\":\"WebPage\",\"@id\":\"https:\/\/centremetot.com\/es\/cristina-garcia-escriche\/\",\"url\":\"https:\/\/centremetot.com\/es\/cristina-garcia-escriche\/\",\"name\":\"Cristina Garc\u00eda Escriche - Centre METOT\",\"isPartOf\":{\"@id\":\"https:\/\/centremetot.com\/es\/#website\"},\"datePublished\":\"2023-08-24T19:27:11+00:00\",\"dateModified\":\"2024-12-23T16:22:27+00:00\",\"description\":\"Cofundadora de Centre Metot. Graduada en Psicologia (UaB). M\u00e0ster Universitari en Psicologia General\u00a0Sanit\u00e0ria\u00a0(UNIR). M\u00e0ster Universitari en Psicopedagogia (Universitat Ramon Llull).\",\"breadcrumb\":{\"@id\":\"https:\/\/centremetot.com\/es\/cristina-garcia-escriche\/#breadcrumb\"},\"inLanguage\":\"es\",\"potentialAction\":[{\"@type\":\"ReadAction\",\"target\":[\"https:\/\/centremetot.com\/es\/cristina-garcia-escriche\/\"]}]},{\"@type\":\"BreadcrumbList\",\"@id\":\"https:\/\/centremetot.com\/es\/cristina-garcia-escriche\/#breadcrumb\",\"itemListElement\":[{\"@type\":\"ListItem\",\"position\":1,\"name\":\"Inici\",\"item\":\"https:\/\/centremetot.com\/es\/\"},{\"@type\":\"ListItem\",\"position\":2,\"name\":\"Cristina Garc\u00eda Escriche\"}]},{\"@type\":\"WebSite\",\"@id\":\"https:\/\/centremetot.com\/es\/#website\",\"url\":\"https:\/\/centremetot.com\/es\/\",\"name\":\"Centre METOT\",\"description\":\"Centre Metot\",\"publisher\":{\"@id\":\"https:\/\/centremetot.com\/es\/#organization\"},\"alternateName\":\"Centre METOT\",\"potentialAction\":[{\"@type\":\"SearchAction\",\"target\":{\"@type\":\"EntryPoint\",\"urlTemplate\":\"https:\/\/centremetot.com\/es\/?s={search_term_string}\"},\"query-input\":{\"@type\":\"PropertyValueSpecification\",\"valueRequired\":true,\"valueName\":\"search_term_string\"}}],\"inLanguage\":\"es\"},{\"@type\":\"Organization\",\"@id\":\"https:\/\/centremetot.com\/es\/#organization\",\"name\":\"Centre METOT\",\"alternateName\":\"Centre METOT\",\"url\":\"https:\/\/centremetot.com\/es\/\",\"logo\":{\"@type\":\"ImageObject\",\"inLanguage\":\"es\",\"@id\":\"https:\/\/centremetot.com\/es\/#\/schema\/logo\/image\/\",\"url\":\"https:\/\/centremetot.com\/wp-content\/uploads\/2023\/05\/LOGO_HORIZONTAL_SALMON.png\",\"contentUrl\":\"https:\/\/centremetot.com\/wp-content\/uploads\/2023\/05\/LOGO_HORIZONTAL_SALMON.png\",\"width\":1966,\"height\":486,\"caption\":\"Centre METOT\"},\"image\":{\"@id\":\"https:\/\/centremetot.com\/es\/#\/schema\/logo\/image\/\"},\"sameAs\":[\"https:\/\/www.instagram.com\/centremetot\/\"]}]}<\/script>\n<!-- \/ Yoast SEO plugin. -->","yoast_head_json":{"title":"Cristina Garc\u00eda Escriche - Centre METOT","description":"Cofundadora de Centre Metot. Graduada en Psicologia (UaB). M\u00e0ster Universitari en Psicologia General\u00a0Sanit\u00e0ria\u00a0(UNIR). M\u00e0ster Universitari en Psicopedagogia (Universitat Ramon Llull).","robots":{"index":"index","follow":"follow","max-snippet":"max-snippet:-1","max-image-preview":"max-image-preview:large","max-video-preview":"max-video-preview:-1"},"canonical":"https:\/\/centremetot.com\/es\/cristina-garcia-escriche\/","og_locale":"es_ES","og_type":"article","og_title":"Cristina Garc\u00eda Escriche - Centre METOT","og_description":"Cofundadora de Centre Metot. Graduada en Psicologia (UaB). M\u00e0ster Universitari en Psicologia General\u00a0Sanit\u00e0ria\u00a0(UNIR). M\u00e0ster Universitari en Psicopedagogia (Universitat Ramon Llull).","og_url":"https:\/\/centremetot.com\/es\/cristina-garcia-escriche\/","og_site_name":"Centre METOT","article_modified_time":"2024-12-23T16:22:27+00:00","twitter_card":"summary_large_image","twitter_misc":{"Tiempo de lectura":"1 minuto"},"schema":{"@context":"https:\/\/schema.org","@graph":[{"@type":"WebPage","@id":"https:\/\/centremetot.com\/es\/cristina-garcia-escriche\/","url":"https:\/\/centremetot.com\/es\/cristina-garcia-escriche\/","name":"Cristina Garc\u00eda Escriche - Centre METOT","isPartOf":{"@id":"https:\/\/centremetot.com\/es\/#website"},"datePublished":"2023-08-24T19:27:11+00:00","dateModified":"2024-12-23T16:22:27+00:00","description":"Cofundadora de Centre Metot. Graduada en Psicologia (UaB). M\u00e0ster Universitari en Psicologia General\u00a0Sanit\u00e0ria\u00a0(UNIR). M\u00e0ster Universitari en Psicopedagogia (Universitat Ramon Llull).","breadcrumb":{"@id":"https:\/\/centremetot.com\/es\/cristina-garcia-escriche\/#breadcrumb"},"inLanguage":"es","potentialAction":[{"@type":"ReadAction","target":["https:\/\/centremetot.com\/es\/cristina-garcia-escriche\/"]}]},{"@type":"BreadcrumbList","@id":"https:\/\/centremetot.com\/es\/cristina-garcia-escriche\/#breadcrumb","itemListElement":[{"@type":"ListItem","position":1,"name":"Inici","item":"https:\/\/centremetot.com\/es\/"},{"@type":"ListItem","position":2,"name":"Cristina Garc\u00eda Escriche"}]},{"@type":"WebSite","@id":"https:\/\/centremetot.com\/es\/#website","url":"https:\/\/centremetot.com\/es\/","name":"Centre METOT","description":"Centre Metot","publisher":{"@id":"https:\/\/centremetot.com\/es\/#organization"},"alternateName":"Centre METOT","potentialAction":[{"@type":"SearchAction","target":{"@type":"EntryPoint","urlTemplate":"https:\/\/centremetot.com\/es\/?s={search_term_string}"},"query-input":{"@type":"PropertyValueSpecification","valueRequired":true,"valueName":"search_term_string"}}],"inLanguage":"es"},{"@type":"Organization","@id":"https:\/\/centremetot.com\/es\/#organization","name":"Centre METOT","alternateName":"Centre METOT","url":"https:\/\/centremetot.com\/es\/","logo":{"@type":"ImageObject","inLanguage":"es","@id":"https:\/\/centremetot.com\/es\/#\/schema\/logo\/image\/","url":"https:\/\/centremetot.com\/wp-content\/uploads\/2023\/05\/LOGO_HORIZONTAL_SALMON.png","contentUrl":"https:\/\/centremetot.com\/wp-content\/uploads\/2023\/05\/LOGO_HORIZONTAL_SALMON.png","width":1966,"height":486,"caption":"Centre METOT"},"image":{"@id":"https:\/\/centremetot.com\/es\/#\/schema\/logo\/image\/"},"sameAs":["https:\/\/www.instagram.com\/centremetot\/"]}]}},"_links":{"self":[{"href":"https:\/\/centremetot.com\/es\/wp-json\/wp\/v2\/pages\/1363","targetHints":{"allow":["GET"]}}],"collection":[{"href":"https:\/\/centremetot.com\/es\/wp-json\/wp\/v2\/pages"}],"about":[{"href":"https:\/\/centremetot.com\/es\/wp-json\/wp\/v2\/types\/page"}],"author":[{"embeddable":true,"href":"https:\/\/centremetot.com\/es\/wp-json\/wp\/v2\/users\/4"}],"replies":[{"embeddable":true,"href":"https:\/\/centremetot.com\/es\/wp-json\/wp\/v2\/comments?post=1363"}],"version-history":[{"count":5,"href":"https:\/\/centremetot.com\/es\/wp-json\/wp\/v2\/pages\/1363\/revisions"}],"predecessor-version":[{"id":1839,"href":"https:\/\/centremetot.com\/es\/wp-json\/wp\/v2\/pages\/1363\/revisions\/1839"}],"wp:attachment":[{"href":"https:\/\/centremetot.com\/es\/wp-json\/wp\/v2\/media?parent=1363"}],"curies":[{"name":"wp","href":"https:\/\/api.w.org\/{rel}","templated":true}]}}