{"id":1343,"date":"2023-05-13T01:28:06","date_gmt":"2023-05-13T00:28:06","guid":{"rendered":"https:\/\/centremetot.com\/contacte\/"},"modified":"2023-08-28T19:48:27","modified_gmt":"2023-08-28T18:48:27","slug":"contacto","status":"publish","type":"page","link":"https:\/\/centremetot.com\/es\/contacto\/","title":{"rendered":"Contacto"},"content":{"rendered":"<div class=\"wpb-content-wrapper\"><p>[vc_row][vc_column][vc_column_text el_class=\u00bbmad_section-title-1&#8243;]<\/p>\n<h2 style=\"text-align: center;\">Formulario de Contacto<\/h2>\n<p>[\/vc_column_text][\/vc_column][\/vc_row][vc_row][vc_column]\n<div class=\"wpcf7 no-js\" id=\"wpcf7-f148-o1\" lang=\"es-ES\" dir=\"ltr\" data-wpcf7-id=\"148\">\n<div class=\"screen-reader-response\"><p role=\"status\" aria-live=\"polite\" aria-atomic=\"true\"><\/p> <ul><\/ul><\/div>\n<form action=\"\/es\/wp-json\/wp\/v2\/pages\/1343#wpcf7-f148-o1\" method=\"post\" class=\"wpcf7-form init\" aria-label=\"Formulario de contacto\" novalidate=\"novalidate\" data-status=\"init\">\n<fieldset class=\"hidden-fields-container\"><input type=\"hidden\" name=\"_wpcf7\" value=\"148\" \/><input type=\"hidden\" name=\"_wpcf7_version\" value=\"6.1.5\" \/><input type=\"hidden\" name=\"_wpcf7_locale\" value=\"es_ES\" \/><input type=\"hidden\" name=\"_wpcf7_unit_tag\" value=\"wpcf7-f148-o1\" \/><input type=\"hidden\" name=\"_wpcf7_container_post\" value=\"0\" \/><input type=\"hidden\" name=\"_wpcf7_posted_data_hash\" value=\"\" \/><input type=\"hidden\" name=\"_wpcf7_recaptcha_response\" value=\"\" \/>\n<\/fieldset>\n<div class=\"mad_cf7\">\n\t<div class=\"vc_row vc_el-clearfix\">\n\t\t<div class=\"vc_col-xs-12\">\n\t\t\t<h3>\n\t\t\t<\/h3>\n\t\t<\/div>\n\t\t<div class=\"vc_col-xs-12 vc_col-sm-6 vc_col-md-4\">\n\t\t\t<p class=\"mad_cf7-field\">Nombre*\n\t\t\t<\/p>\n\t\t\t<p><span class=\"wpcf7-form-control-wrap\" data-name=\"cliente-nombre\"><input size=\"40\" maxlength=\"400\" class=\"wpcf7-form-control wpcf7-text wpcf7-validates-as-required\" aria-required=\"true\" aria-invalid=\"false\" value=\"\" type=\"text\" name=\"cliente-nombre\" \/><\/span>\n\t\t\t<\/p>\n\t\t<\/div>\n\t\t<div class=\"vc_col-xs-12 vc_col-sm-6 vc_col-md-4\">\n\t\t\t<p class=\"mad_cf7-field\">E-mail*\n\t\t\t<\/p>\n\t\t\t<p><span class=\"wpcf7-form-control-wrap\" data-name=\"cliente-mail\"><input size=\"40\" maxlength=\"400\" class=\"wpcf7-form-control wpcf7-email wpcf7-validates-as-required wpcf7-text wpcf7-validates-as-email\" aria-required=\"true\" aria-invalid=\"false\" value=\"\" type=\"email\" name=\"cliente-mail\" \/><\/span>\n\t\t\t<\/p>\n\t\t<\/div>\n\t\t<div class=\"vc_col-xs-12 vc_col-sm-6 vc_col-md-4\">\n\t\t\t<p class=\"mad_cf7-field\">Tel\u00e9fono*\n\t\t\t<\/p>\n\t\t\t<p><span class=\"wpcf7-form-control-wrap\" data-name=\"cliente-telf\"><input size=\"40\" maxlength=\"400\" class=\"wpcf7-form-control wpcf7-text wpcf7-validates-as-required\" aria-required=\"true\" aria-invalid=\"false\" value=\"\" type=\"text\" name=\"cliente-telf\" \/><\/span>\n\t\t\t<\/p>\n\t\t<\/div>\n\t\t<div class=\"vc_col-xs-12\">\n\t\t\t<p class=\"mad_cf7-field\">Consulta*:\n\t\t\t<\/p>\n\t\t\t<p><span class=\"wpcf7-form-control-wrap\" data-name=\"cliente-consulta\"><textarea cols=\"40\" rows=\"10\" maxlength=\"2000\" class=\"wpcf7-form-control wpcf7-textarea wpcf7-validates-as-required\" aria-required=\"true\" aria-invalid=\"false\" name=\"cliente-consulta\"><\/textarea><\/span>\n\t\t\t<\/p>\n\t\t<\/div>\n\t<\/div>\n\t<div class=\"vc_row vc_el-clearfix\">\n\t\t<div class=\"vc_col-xs-12\">\n\t\t\t<p><label><\/label>\n\t\t\t<\/p>\n\t\t\t<p><span class=\"wpcf7-form-control-wrap\" data-name=\"privacidad\"><span class=\"wpcf7-form-control wpcf7-acceptance\"><span class=\"wpcf7-list-item\"><input type=\"checkbox\" name=\"privacidad\" value=\"1\" aria-invalid=\"false\" \/><\/span><\/span><\/span> He le\u00eddo y acepto la <a style=\"color:#74777b; text-decoration:underline;\" href=\"https:\/\/centremetot.com\/es\/politica-de-privacidad\/\">pol\u00edtica de privacidad<\/a> y el <a style=\"color: #74777b;text-decoration:underline;\" href=\"https:\/\/centremetot.com\/es\/aviso-legal\/\">aviso legal<\/a> de este portal web.\n\t\t\t<\/p>\n\t\t<\/div>\n\t\t<div class=\"vc_col-xs-12\">\n\t\t\t<p><input class=\"wpcf7-form-control wpcf7-submit has-spinner c7b_boton-enviar\" type=\"submit\" value=\"ENVIAR\" \/>\n\t\t\t<\/p>\n\t\t<\/div>\n\t<\/div>\n<\/div><div class=\"wpcf7-response-output\" aria-hidden=\"true\"><\/div>\n<\/form>\n<\/div>\n[vc_empty_space][vc_column_text]RESPONSABLE TRATAMIENTO: Centre Metot<\/p>\n<p>FINALIDAD: Atender la solicitud del usuario<\/p>\n<p>LEGITIMACI\u00d3N: Consentimiento del interesado<\/p>\n<p>CESIONES: No se prev\u00e9n cesiones, excepto por obligaci\u00f3n legal o requerimiento judicial<\/p>\n<p>DERECHOS: Acceso, rectificaci\u00f3n, supresi\u00f3n, oposici\u00f3n, limitaci\u00f3n, portabilidad, revocaci\u00f3n del consentimiento. Si considera que el tratamiento de sus datos no se ajusta a la normativa, puede acudir a la Autoridad de Control (www.aepd.es).[\/vc_column_text][\/vc_column][\/vc_row]<\/p>\n<\/div>","protected":false},"excerpt":{"rendered":"<p>[vc_row][vc_column][vc_column_text el_class=&raquo;mad_section-title-1&Prime;] Formulario de Contacto [\/vc_column_text][\/vc_column][\/vc_row][vc_row][vc_column][vc_empty_space][vc_column_text]RESPONSABLE TRATAMIENTO: Centre Metot FINALIDAD: Atender la solicitud del usuario LEGITIMACI&Oacute;N: Consentimiento del interesado CESIONES: No se prev&eacute;n cesiones, excepto por obligaci&oacute;n legal o requerimiento &#8230; <\/p>\n<p class=\"read-more-container\"><a title=\"Contacto\" class=\"read-more button\" href=\"https:\/\/centremetot.com\/es\/contacto\/#more-1343\" aria-label=\"Leer m\u00e1s sobre Contacto\">Llegir m\u00e9s<\/a><\/p>\n","protected":false},"author":4,"featured_media":0,"parent":0,"menu_order":0,"comment_status":"closed","ping_status":"closed","template":"","meta":{"_acf_changed":false,"footnotes":""},"class_list":{"0":"post-1343","1":"page","2":"type-page","3":"status-publish","5":"infinite-scroll-item"},"acf":[],"yoast_head":"<!-- This site is optimized with the Yoast SEO plugin v27.2 - https:\/\/yoast.com\/product\/yoast-seo-wordpress\/ -->\n<title>Contacto - Centre METOT<\/title>\n<meta name=\"description\" content=\"Contacta amb nosaltres a trav\u00e9s del formulari de contacte. Estarem encantats d&#039;atendre&#039;t.\" \/>\n<meta name=\"robots\" content=\"index, follow, max-snippet:-1, max-image-preview:large, max-video-preview:-1\" \/>\n<link rel=\"canonical\" href=\"https:\/\/centremetot.com\/es\/contacto\/\" \/>\n<meta property=\"og:locale\" content=\"es_ES\" \/>\n<meta property=\"og:type\" content=\"article\" \/>\n<meta property=\"og:title\" content=\"Contacto - Centre METOT\" \/>\n<meta property=\"og:description\" content=\"Contacta amb nosaltres a trav\u00e9s del formulari de contacte. Estarem encantats d&#039;atendre&#039;t.\" \/>\n<meta property=\"og:url\" content=\"https:\/\/centremetot.com\/es\/contacto\/\" \/>\n<meta property=\"og:site_name\" content=\"Centre METOT\" \/>\n<meta property=\"article:modified_time\" content=\"2023-08-28T18:48:27+00:00\" \/>\n<meta name=\"twitter:card\" content=\"summary_large_image\" \/>\n<meta name=\"twitter:label1\" content=\"Tiempo de lectura\" \/>\n\t<meta name=\"twitter:data1\" content=\"1 minuto\" \/>\n<script type=\"application\/ld+json\" class=\"yoast-schema-graph\">{\"@context\":\"https:\/\/schema.org\",\"@graph\":[{\"@type\":\"WebPage\",\"@id\":\"https:\/\/centremetot.com\/es\/contacto\/\",\"url\":\"https:\/\/centremetot.com\/es\/contacto\/\",\"name\":\"Contacto - Centre METOT\",\"isPartOf\":{\"@id\":\"https:\/\/centremetot.com\/es\/#website\"},\"datePublished\":\"2023-05-13T00:28:06+00:00\",\"dateModified\":\"2023-08-28T18:48:27+00:00\",\"description\":\"Contacta amb nosaltres a trav\u00e9s del formulari de contacte. Estarem encantats d'atendre't.\",\"breadcrumb\":{\"@id\":\"https:\/\/centremetot.com\/es\/contacto\/#breadcrumb\"},\"inLanguage\":\"es\",\"potentialAction\":[{\"@type\":\"ReadAction\",\"target\":[\"https:\/\/centremetot.com\/es\/contacto\/\"]}]},{\"@type\":\"BreadcrumbList\",\"@id\":\"https:\/\/centremetot.com\/es\/contacto\/#breadcrumb\",\"itemListElement\":[{\"@type\":\"ListItem\",\"position\":1,\"name\":\"Inici\",\"item\":\"https:\/\/centremetot.com\/es\/\"},{\"@type\":\"ListItem\",\"position\":2,\"name\":\"Contacto\"}]},{\"@type\":\"WebSite\",\"@id\":\"https:\/\/centremetot.com\/es\/#website\",\"url\":\"https:\/\/centremetot.com\/es\/\",\"name\":\"Centre METOT\",\"description\":\"Centre Metot\",\"publisher\":{\"@id\":\"https:\/\/centremetot.com\/es\/#organization\"},\"alternateName\":\"Centre METOT\",\"potentialAction\":[{\"@type\":\"SearchAction\",\"target\":{\"@type\":\"EntryPoint\",\"urlTemplate\":\"https:\/\/centremetot.com\/es\/?s={search_term_string}\"},\"query-input\":{\"@type\":\"PropertyValueSpecification\",\"valueRequired\":true,\"valueName\":\"search_term_string\"}}],\"inLanguage\":\"es\"},{\"@type\":\"Organization\",\"@id\":\"https:\/\/centremetot.com\/es\/#organization\",\"name\":\"Centre METOT\",\"alternateName\":\"Centre METOT\",\"url\":\"https:\/\/centremetot.com\/es\/\",\"logo\":{\"@type\":\"ImageObject\",\"inLanguage\":\"es\",\"@id\":\"https:\/\/centremetot.com\/es\/#\/schema\/logo\/image\/\",\"url\":\"https:\/\/centremetot.com\/wp-content\/uploads\/2023\/05\/LOGO_HORIZONTAL_SALMON.png\",\"contentUrl\":\"https:\/\/centremetot.com\/wp-content\/uploads\/2023\/05\/LOGO_HORIZONTAL_SALMON.png\",\"width\":1966,\"height\":486,\"caption\":\"Centre METOT\"},\"image\":{\"@id\":\"https:\/\/centremetot.com\/es\/#\/schema\/logo\/image\/\"},\"sameAs\":[\"https:\/\/www.instagram.com\/centremetot\/\"]}]}<\/script>\n<!-- \/ Yoast SEO plugin. -->","yoast_head_json":{"title":"Contacto - Centre METOT","description":"Contacta amb nosaltres a trav\u00e9s del formulari de contacte. Estarem encantats d'atendre't.","robots":{"index":"index","follow":"follow","max-snippet":"max-snippet:-1","max-image-preview":"max-image-preview:large","max-video-preview":"max-video-preview:-1"},"canonical":"https:\/\/centremetot.com\/es\/contacto\/","og_locale":"es_ES","og_type":"article","og_title":"Contacto - Centre METOT","og_description":"Contacta amb nosaltres a trav\u00e9s del formulari de contacte. Estarem encantats d'atendre't.","og_url":"https:\/\/centremetot.com\/es\/contacto\/","og_site_name":"Centre METOT","article_modified_time":"2023-08-28T18:48:27+00:00","twitter_card":"summary_large_image","twitter_misc":{"Tiempo de lectura":"1 minuto"},"schema":{"@context":"https:\/\/schema.org","@graph":[{"@type":"WebPage","@id":"https:\/\/centremetot.com\/es\/contacto\/","url":"https:\/\/centremetot.com\/es\/contacto\/","name":"Contacto - Centre METOT","isPartOf":{"@id":"https:\/\/centremetot.com\/es\/#website"},"datePublished":"2023-05-13T00:28:06+00:00","dateModified":"2023-08-28T18:48:27+00:00","description":"Contacta amb nosaltres a trav\u00e9s del formulari de contacte. Estarem encantats d'atendre't.","breadcrumb":{"@id":"https:\/\/centremetot.com\/es\/contacto\/#breadcrumb"},"inLanguage":"es","potentialAction":[{"@type":"ReadAction","target":["https:\/\/centremetot.com\/es\/contacto\/"]}]},{"@type":"BreadcrumbList","@id":"https:\/\/centremetot.com\/es\/contacto\/#breadcrumb","itemListElement":[{"@type":"ListItem","position":1,"name":"Inici","item":"https:\/\/centremetot.com\/es\/"},{"@type":"ListItem","position":2,"name":"Contacto"}]},{"@type":"WebSite","@id":"https:\/\/centremetot.com\/es\/#website","url":"https:\/\/centremetot.com\/es\/","name":"Centre METOT","description":"Centre Metot","publisher":{"@id":"https:\/\/centremetot.com\/es\/#organization"},"alternateName":"Centre METOT","potentialAction":[{"@type":"SearchAction","target":{"@type":"EntryPoint","urlTemplate":"https:\/\/centremetot.com\/es\/?s={search_term_string}"},"query-input":{"@type":"PropertyValueSpecification","valueRequired":true,"valueName":"search_term_string"}}],"inLanguage":"es"},{"@type":"Organization","@id":"https:\/\/centremetot.com\/es\/#organization","name":"Centre METOT","alternateName":"Centre METOT","url":"https:\/\/centremetot.com\/es\/","logo":{"@type":"ImageObject","inLanguage":"es","@id":"https:\/\/centremetot.com\/es\/#\/schema\/logo\/image\/","url":"https:\/\/centremetot.com\/wp-content\/uploads\/2023\/05\/LOGO_HORIZONTAL_SALMON.png","contentUrl":"https:\/\/centremetot.com\/wp-content\/uploads\/2023\/05\/LOGO_HORIZONTAL_SALMON.png","width":1966,"height":486,"caption":"Centre METOT"},"image":{"@id":"https:\/\/centremetot.com\/es\/#\/schema\/logo\/image\/"},"sameAs":["https:\/\/www.instagram.com\/centremetot\/"]}]}},"_links":{"self":[{"href":"https:\/\/centremetot.com\/es\/wp-json\/wp\/v2\/pages\/1343","targetHints":{"allow":["GET"]}}],"collection":[{"href":"https:\/\/centremetot.com\/es\/wp-json\/wp\/v2\/pages"}],"about":[{"href":"https:\/\/centremetot.com\/es\/wp-json\/wp\/v2\/types\/page"}],"author":[{"embeddable":true,"href":"https:\/\/centremetot.com\/es\/wp-json\/wp\/v2\/users\/4"}],"replies":[{"embeddable":true,"href":"https:\/\/centremetot.com\/es\/wp-json\/wp\/v2\/comments?post=1343"}],"version-history":[{"count":1,"href":"https:\/\/centremetot.com\/es\/wp-json\/wp\/v2\/pages\/1343\/revisions"}],"predecessor-version":[{"id":1344,"href":"https:\/\/centremetot.com\/es\/wp-json\/wp\/v2\/pages\/1343\/revisions\/1344"}],"wp:attachment":[{"href":"https:\/\/centremetot.com\/es\/wp-json\/wp\/v2\/media?parent=1343"}],"curies":[{"name":"wp","href":"https:\/\/api.w.org\/{rel}","templated":true}]}}